{"id":4635,"date":"2023-02-12T19:17:45","date_gmt":"2023-02-13T00:17:45","guid":{"rendered":"https:\/\/pcdiamondinformatique.ca\/?page_id=4635"},"modified":"2023-02-12T19:17:46","modified_gmt":"2023-02-13T00:17:46","slug":"cameras-securite","status":"publish","type":"page","link":"https:\/\/pcdiamondinformatique.ca\/?page_id=4635","title":{"rendered":"CAM\u00c9RAS S\u00c9CURIT\u00c9"},"content":{"rendered":"\n<div class=\"wp-block-columns is-layout-flex wp-container-4 wp-block-columns-is-layout-flex\">\n<div class=\"wp-block-column is-vertically-aligned-top is-layout-flow wp-block-column-is-layout-flow\">\n<figure class=\"wp-block-image aligncenter size-full is-resized\"><img decoding=\"async\" loading=\"lazy\" src=\"http:\/\/pcdiamondinformatique.ca\/wp-content\/uploads\/2023\/02\/960x960-2k_1_4556c14b-0806-4ec9-a2ad-c2315a7c2fea_2048x.webp\" alt=\"\" class=\"wp-image-4636\" width=\"232\" height=\"232\" srcset=\"https:\/\/pcdiamondinformatique.ca\/wp-content\/uploads\/2023\/02\/960x960-2k_1_4556c14b-0806-4ec9-a2ad-c2315a7c2fea_2048x.webp 960w, https:\/\/pcdiamondinformatique.ca\/wp-content\/uploads\/2023\/02\/960x960-2k_1_4556c14b-0806-4ec9-a2ad-c2315a7c2fea_2048x-300x300.webp 300w, https:\/\/pcdiamondinformatique.ca\/wp-content\/uploads\/2023\/02\/960x960-2k_1_4556c14b-0806-4ec9-a2ad-c2315a7c2fea_2048x-150x150.webp 150w, https:\/\/pcdiamondinformatique.ca\/wp-content\/uploads\/2023\/02\/960x960-2k_1_4556c14b-0806-4ec9-a2ad-c2315a7c2fea_2048x-768x768.webp 768w\" sizes=\"(max-width: 232px) 100vw, 232px\" \/><\/figure>\n\n\n\n<p class=\"has-text-align-center\"><strong>EUFY CAMERA INT\u00c9RIEUR\/EXT\u00c9RIEUR <\/strong><\/p>\n\n\n\n<p class=\"has-text-align-center\"><strong>CAM PRO 2K W\/32G<\/strong><\/p>\n\n\n\n<p class=\"has-text-align-center\"><strong>$70.00<\/strong><\/p>\n<\/div>\n\n\n\n<div class=\"wp-block-column is-layout-flow wp-block-column-is-layout-flow\">\n<figure class=\"wp-block-image aligncenter size-large is-resized\"><img decoding=\"async\" loading=\"lazy\" src=\"https:\/\/pcdiamondinformatique.ca\/wp-content\/uploads\/2023\/02\/eufy-Floodlight-Cam-2-2K-IA-integree-audio-bidirectionnel-1024x754.jpg\" alt=\"\" class=\"wp-image-4637\" width=\"315\" height=\"232\" srcset=\"https:\/\/pcdiamondinformatique.ca\/wp-content\/uploads\/2023\/02\/eufy-Floodlight-Cam-2-2K-IA-integree-audio-bidirectionnel-1024x754.jpg 1024w, https:\/\/pcdiamondinformatique.ca\/wp-content\/uploads\/2023\/02\/eufy-Floodlight-Cam-2-2K-IA-integree-audio-bidirectionnel-300x221.jpg 300w, https:\/\/pcdiamondinformatique.ca\/wp-content\/uploads\/2023\/02\/eufy-Floodlight-Cam-2-2K-IA-integree-audio-bidirectionnel-768x566.jpg 768w, https:\/\/pcdiamondinformatique.ca\/wp-content\/uploads\/2023\/02\/eufy-Floodlight-Cam-2-2K-IA-integree-audio-bidirectionnel.jpg 1267w\" sizes=\"(max-width: 315px) 100vw, 315px\" \/><\/figure>\n\n\n\n<p class=\"has-text-align-center\"><strong>LUMI\u00c8RE PROJECTEUR (Floodlight) <\/strong><\/p>\n\n\n\n<p class=\"has-text-align-center\"><strong>Camera 1080P<\/strong><\/p>\n\n\n\n<p class=\"has-text-align-center\"><strong>$170.00<\/strong><\/p>\n<\/div>\n\n\n\n<div class=\"wp-block-column is-layout-flow wp-block-column-is-layout-flow\"><\/div>\n<\/div>\n","protected":false},"excerpt":{"rendered":"<p>EUFY CAMERA INT\u00c9RIEUR\/EXT\u00c9RIEUR CAM PRO 2K W\/32G $70.00 LUMI\u00c8RE PROJECTEUR (Floodlight) Camera 1080P $170.00<\/p>\n","protected":false},"author":1,"featured_media":0,"parent":0,"menu_order":0,"comment_status":"closed","ping_status":"closed","template":"","meta":{"_mi_skip_tracking":false,"_monsterinsights_sitenote_active":false,"_monsterinsights_sitenote_note":"","_monsterinsights_sitenote_category":0,"footnotes":""},"aioseo_notices":[],"_links":{"self":[{"href":"https:\/\/pcdiamondinformatique.ca\/index.php?rest_route=\/wp\/v2\/pages\/4635"}],"collection":[{"href":"https:\/\/pcdiamondinformatique.ca\/index.php?rest_route=\/wp\/v2\/pages"}],"about":[{"href":"https:\/\/pcdiamondinformatique.ca\/index.php?rest_route=\/wp\/v2\/types\/page"}],"author":[{"embeddable":true,"href":"https:\/\/pcdiamondinformatique.ca\/index.php?rest_route=\/wp\/v2\/users\/1"}],"replies":[{"embeddable":true,"href":"https:\/\/pcdiamondinformatique.ca\/index.php?rest_route=%2Fwp%2Fv2%2Fcomments&post=4635"}],"version-history":[{"count":1,"href":"https:\/\/pcdiamondinformatique.ca\/index.php?rest_route=\/wp\/v2\/pages\/4635\/revisions"}],"predecessor-version":[{"id":4638,"href":"https:\/\/pcdiamondinformatique.ca\/index.php?rest_route=\/wp\/v2\/pages\/4635\/revisions\/4638"}],"wp:attachment":[{"href":"https:\/\/pcdiamondinformatique.ca\/index.php?rest_route=%2Fwp%2Fv2%2Fmedia&parent=4635"}],"curies":[{"name":"wp","href":"https:\/\/api.w.org\/{rel}","templated":true}]}}